{"id":55,"date":"2023-08-31T11:05:49","date_gmt":"2023-08-31T09:05:49","guid":{"rendered":"https:\/\/www.sbirkygroup.cz\/?page_id=55"},"modified":"2026-01-28T14:35:23","modified_gmt":"2026-01-28T13:35:23","slug":"sbirky-v-cechach","status":"publish","type":"page","link":"https:\/\/www.sbirkygroup.cz\/?page_id=55","title":{"rendered":"SB\u00cdRKY v \u010cech\u00e1ch"},"content":{"rendered":"\n<p>V \u010cech\u00e1ch se vyskytuje n\u011bkolik sb\u011bratel\u016f dom\u00e1c\u00edch elektrospot\u0159ebi\u010d\u016f. N\u011bkte\u0159\u00ed sb\u00edraj\u00ed jen vysava\u010de, n\u011bkte\u0159\u00ed sb\u00edraj\u00ed t\u0159eba mix\u00e9ry \u010di jin\u00ed sb\u00edraj\u00ed cel\u00fd sortiment dom\u00e1c\u00edch elektrospot\u0159ebi\u010d\u016f. Ka\u017ed\u00e1 takov\u00e1to sb\u00edrka je jedine\u010dn\u00e1 a nelze ji porovn\u00e1vat s ostatn\u00edmi sb\u00edrkami. Ka\u017ed\u00fd sb\u011bratel ji vede dle sv\u00e9ho uv\u00e1\u017een\u00ed a sm\u011b\u0159uje ji tam kam chce.<\/p>\n\n\n\n<div class=\"wp-block-columns is-layout-flex wp-container-core-columns-is-layout-28f84493 wp-block-columns-is-layout-flex\">\n<div class=\"wp-block-column is-layout-flow wp-block-column-is-layout-flow\" style=\"flex-basis:66.66%\">\n<p>Jedna z nejv\u011bt\u0161\u00edch sb\u00edrek v \u010cesku \u010d\u00edt\u00e1 300+ kus\u016f vysava\u010d\u016f zna\u010dky ETA. Sb\u011bratel sb\u00edr\u00e1 vysava\u010de prakticky 20 let a za\u010dal slavnou trojic\u00ed produkce Elektro-Praga a to Standardem, Jupiterem a Plutem. Ke ka\u017ed\u00e9mu vysava\u010di je origin\u00e1ln\u00ed p\u0159\u00edslu\u0161enstv\u00ed, kter\u00e9 se prod\u00e1valo v dob\u011b jeho v\u00fdroby. Servisn\u00ed n\u00e1vody, n\u00e1vody na obsluhu, reklamn\u00ed let\u00e1ky a dobov\u00e9 prospekty, jsou ned\u00edlnou sou\u010d\u00e1st\u00ed jeho sb\u00edrky.<\/p>\n\n\n\n<hr class=\"wp-block-separator has-alpha-channel-opacity\"\/>\n\n\n\n<p>Sb\u011bratel svoji sb\u00edrku prezentuje na webov\u00fdch str\u00e1nk\u00e1ch, kde uv\u00e1d\u00ed ve\u0161ker\u00e9 informace jako jsou po\u010dty, evidence atd.<\/p>\n\n\n\n<hr class=\"wp-block-separator has-alpha-channel-opacity\"\/>\n\n\n\n<p>Krom vlastn\u00edho webu sb\u011bratel prezentuje vysava\u010de na Facebook str\u00e1nk\u00e1ch, YouTube kan\u00e1le, Pinterest port\u00e1lu a samoz\u0159ejm\u011b i na Instagramu. Ve\u0161ker\u00e9 soci\u00e1ln\u00ed s\u00edt\u011b jsou uve\u0159ejn\u011bny na jeho webu.<\/p>\n\n\n\n<hr class=\"wp-block-separator has-alpha-channel-opacity\"\/>\n\n\n\n<p><strong>Kontakt na tuto sb\u00edrku a sb\u011bratele:<\/strong><\/p>\n\n\n\n<p><a href=\"mailto:info@etavysavace.cz\" target=\"_blank\" rel=\"noreferrer noopener\">info@etavysavace.cz<\/a><\/p>\n\n\n\n<p><a href=\"http:\/\/www.etavysavace.cz\" data-type=\"link\" data-id=\"www.etavysavace.cz\" target=\"_blank\" rel=\"noreferrer noopener\">www.etavysavace.cz<\/a><\/p>\n<\/div>\n\n\n\n<div class=\"wp-block-column is-layout-flow wp-block-column-is-layout-flow\" style=\"flex-basis:33.33%\">\n<figure class=\"wp-block-gallery has-nested-images columns-default is-cropped wp-block-gallery-1 is-layout-flex wp-block-gallery-is-layout-flex\">\n<figure data-wp-context=\"{&quot;imageId&quot;:&quot;69fb0d1497131&quot;}\" data-wp-interactive=\"core\/image\" data-wp-key=\"69fb0d1497131\" class=\"wp-block-image size-large wp-lightbox-container\"><img loading=\"lazy\" decoding=\"async\" width=\"1024\" height=\"1024\" data-wp-class--hide=\"state.isContentHidden\" data-wp-class--show=\"state.isContentVisible\" data-wp-init=\"callbacks.setButtonStyles\" data-wp-on--click=\"actions.showLightbox\" data-wp-on--load=\"callbacks.setButtonStyles\" data-wp-on-window--resize=\"callbacks.setButtonStyles\" data-id=\"305\" src=\"https:\/\/www.sbirkygroup.cz\/wp-content\/uploads\/2026\/01\/20231212_222701-COLLAGE-1024x1024.jpg\" alt=\"\" class=\"wp-image-305\" srcset=\"https:\/\/www.sbirkygroup.cz\/wp-content\/uploads\/2026\/01\/20231212_222701-COLLAGE-1024x1024.jpg 1024w, https:\/\/www.sbirkygroup.cz\/wp-content\/uploads\/2026\/01\/20231212_222701-COLLAGE-300x300.jpg 300w, https:\/\/www.sbirkygroup.cz\/wp-content\/uploads\/2026\/01\/20231212_222701-COLLAGE-150x150.jpg 150w, https:\/\/www.sbirkygroup.cz\/wp-content\/uploads\/2026\/01\/20231212_222701-COLLAGE-768x768.jpg 768w, https:\/\/www.sbirkygroup.cz\/wp-content\/uploads\/2026\/01\/20231212_222701-COLLAGE.jpg 1200w\" sizes=\"auto, (max-width: 1024px) 100vw, 1024px\" \/><button\n\t\t\tclass=\"lightbox-trigger\"\n\t\t\ttype=\"button\"\n\t\t\taria-haspopup=\"dialog\"\n\t\t\taria-label=\"Zv\u011bt\u0161it\"\n\t\t\tdata-wp-init=\"callbacks.initTriggerButton\"\n\t\t\tdata-wp-on--click=\"actions.showLightbox\"\n\t\t\tdata-wp-style--right=\"state.imageButtonRight\"\n\t\t\tdata-wp-style--top=\"state.imageButtonTop\"\n\t\t>\n\t\t\t<svg xmlns=\"http:\/\/www.w3.org\/2000\/svg\" width=\"12\" height=\"12\" fill=\"none\" viewBox=\"0 0 12 12\">\n\t\t\t\t<path fill=\"#fff\" d=\"M2 0a2 2 0 0 0-2 2v2h1.5V2a.5.5 0 0 1 .5-.5h2V0H2Zm2 10.5H2a.5.5 0 0 1-.5-.5V8H0v2a2 2 0 0 0 2 2h2v-1.5ZM8 12v-1.5h2a.5.5 0 0 0 .5-.5V8H12v2a2 2 0 0 1-2 2H8Zm2-12a2 2 0 0 1 2 2v2h-1.5V2a.5.5 0 0 0-.5-.5H8V0h2Z\" \/>\n\t\t\t<\/svg>\n\t\t<\/button><\/figure>\n<\/figure>\n\n\n\n<figure class=\"wp-block-gallery has-nested-images columns-default is-cropped wp-block-gallery-2 is-layout-flex wp-block-gallery-is-layout-flex\">\n<figure data-wp-context=\"{&quot;imageId&quot;:&quot;69fb0d149816f&quot;}\" data-wp-interactive=\"core\/image\" data-wp-key=\"69fb0d149816f\" class=\"wp-block-image size-large wp-lightbox-container\"><img loading=\"lazy\" decoding=\"async\" width=\"1024\" height=\"1024\" data-wp-class--hide=\"state.isContentHidden\" data-wp-class--show=\"state.isContentVisible\" data-wp-init=\"callbacks.setButtonStyles\" data-wp-on--click=\"actions.showLightbox\" data-wp-on--load=\"callbacks.setButtonStyles\" data-wp-on-window--resize=\"callbacks.setButtonStyles\" data-id=\"306\" src=\"https:\/\/www.sbirkygroup.cz\/wp-content\/uploads\/2026\/01\/20231212_222440-COLLAGE-1024x1024.jpg\" alt=\"\" class=\"wp-image-306\" srcset=\"https:\/\/www.sbirkygroup.cz\/wp-content\/uploads\/2026\/01\/20231212_222440-COLLAGE-1024x1024.jpg 1024w, https:\/\/www.sbirkygroup.cz\/wp-content\/uploads\/2026\/01\/20231212_222440-COLLAGE-300x300.jpg 300w, https:\/\/www.sbirkygroup.cz\/wp-content\/uploads\/2026\/01\/20231212_222440-COLLAGE-150x150.jpg 150w, https:\/\/www.sbirkygroup.cz\/wp-content\/uploads\/2026\/01\/20231212_222440-COLLAGE-768x768.jpg 768w, https:\/\/www.sbirkygroup.cz\/wp-content\/uploads\/2026\/01\/20231212_222440-COLLAGE.jpg 1200w\" sizes=\"auto, (max-width: 1024px) 100vw, 1024px\" \/><button\n\t\t\tclass=\"lightbox-trigger\"\n\t\t\ttype=\"button\"\n\t\t\taria-haspopup=\"dialog\"\n\t\t\taria-label=\"Zv\u011bt\u0161it\"\n\t\t\tdata-wp-init=\"callbacks.initTriggerButton\"\n\t\t\tdata-wp-on--click=\"actions.showLightbox\"\n\t\t\tdata-wp-style--right=\"state.imageButtonRight\"\n\t\t\tdata-wp-style--top=\"state.imageButtonTop\"\n\t\t>\n\t\t\t<svg xmlns=\"http:\/\/www.w3.org\/2000\/svg\" width=\"12\" height=\"12\" fill=\"none\" viewBox=\"0 0 12 12\">\n\t\t\t\t<path fill=\"#fff\" d=\"M2 0a2 2 0 0 0-2 2v2h1.5V2a.5.5 0 0 1 .5-.5h2V0H2Zm2 10.5H2a.5.5 0 0 1-.5-.5V8H0v2a2 2 0 0 0 2 2h2v-1.5ZM8 12v-1.5h2a.5.5 0 0 0 .5-.5V8H12v2a2 2 0 0 1-2 2H8Zm2-12a2 2 0 0 1 2 2v2h-1.5V2a.5.5 0 0 0-.5-.5H8V0h2Z\" \/>\n\t\t\t<\/svg>\n\t\t<\/button><\/figure>\n<\/figure>\n\n\n\n<figure class=\"wp-block-gallery has-nested-images columns-default is-cropped wp-block-gallery-3 is-layout-flex wp-block-gallery-is-layout-flex\">\n<figure data-wp-context=\"{&quot;imageId&quot;:&quot;69fb0d1498ecc&quot;}\" data-wp-interactive=\"core\/image\" data-wp-key=\"69fb0d1498ecc\" class=\"wp-block-image size-large wp-lightbox-container\"><img loading=\"lazy\" decoding=\"async\" width=\"1024\" height=\"1024\" data-wp-class--hide=\"state.isContentHidden\" data-wp-class--show=\"state.isContentVisible\" data-wp-init=\"callbacks.setButtonStyles\" data-wp-on--click=\"actions.showLightbox\" data-wp-on--load=\"callbacks.setButtonStyles\" data-wp-on-window--resize=\"callbacks.setButtonStyles\" data-id=\"307\" src=\"https:\/\/www.sbirkygroup.cz\/wp-content\/uploads\/2026\/01\/IMG_20231009_123450-COLLAGE-1024x1024.jpg\" alt=\"\" class=\"wp-image-307\" srcset=\"https:\/\/www.sbirkygroup.cz\/wp-content\/uploads\/2026\/01\/IMG_20231009_123450-COLLAGE-1024x1024.jpg 1024w, https:\/\/www.sbirkygroup.cz\/wp-content\/uploads\/2026\/01\/IMG_20231009_123450-COLLAGE-300x300.jpg 300w, https:\/\/www.sbirkygroup.cz\/wp-content\/uploads\/2026\/01\/IMG_20231009_123450-COLLAGE-150x150.jpg 150w, https:\/\/www.sbirkygroup.cz\/wp-content\/uploads\/2026\/01\/IMG_20231009_123450-COLLAGE-768x768.jpg 768w, https:\/\/www.sbirkygroup.cz\/wp-content\/uploads\/2026\/01\/IMG_20231009_123450-COLLAGE.jpg 1200w\" sizes=\"auto, (max-width: 1024px) 100vw, 1024px\" \/><button\n\t\t\tclass=\"lightbox-trigger\"\n\t\t\ttype=\"button\"\n\t\t\taria-haspopup=\"dialog\"\n\t\t\taria-label=\"Zv\u011bt\u0161it\"\n\t\t\tdata-wp-init=\"callbacks.initTriggerButton\"\n\t\t\tdata-wp-on--click=\"actions.showLightbox\"\n\t\t\tdata-wp-style--right=\"state.imageButtonRight\"\n\t\t\tdata-wp-style--top=\"state.imageButtonTop\"\n\t\t>\n\t\t\t<svg xmlns=\"http:\/\/www.w3.org\/2000\/svg\" width=\"12\" height=\"12\" fill=\"none\" viewBox=\"0 0 12 12\">\n\t\t\t\t<path fill=\"#fff\" d=\"M2 0a2 2 0 0 0-2 2v2h1.5V2a.5.5 0 0 1 .5-.5h2V0H2Zm2 10.5H2a.5.5 0 0 1-.5-.5V8H0v2a2 2 0 0 0 2 2h2v-1.5ZM8 12v-1.5h2a.5.5 0 0 0 .5-.5V8H12v2a2 2 0 0 1-2 2H8Zm2-12a2 2 0 0 1 2 2v2h-1.5V2a.5.5 0 0 0-.5-.5H8V0h2Z\" \/>\n\t\t\t<\/svg>\n\t\t<\/button><\/figure>\n<\/figure>\n<\/div>\n<\/div>\n<div class=\"pvc_clear\"><\/div><p id=\"pvc_stats_55\" class=\"pvc_stats all  \" data-element-id=\"55\" style=\"\"><i class=\"pvc-stats-icon medium\" aria-hidden=\"true\"><svg aria-hidden=\"true\" focusable=\"false\" data-prefix=\"far\" data-icon=\"chart-bar\" role=\"img\" xmlns=\"http:\/\/www.w3.org\/2000\/svg\" viewBox=\"0 0 512 512\" class=\"svg-inline--fa fa-chart-bar fa-w-16 fa-2x\"><path fill=\"currentColor\" d=\"M396.8 352h22.4c6.4 0 12.8-6.4 12.8-12.8V108.8c0-6.4-6.4-12.8-12.8-12.8h-22.4c-6.4 0-12.8 6.4-12.8 12.8v230.4c0 6.4 6.4 12.8 12.8 12.8zm-192 0h22.4c6.4 0 12.8-6.4 12.8-12.8V140.8c0-6.4-6.4-12.8-12.8-12.8h-22.4c-6.4 0-12.8 6.4-12.8 12.8v198.4c0 6.4 6.4 12.8 12.8 12.8zm96 0h22.4c6.4 0 12.8-6.4 12.8-12.8V204.8c0-6.4-6.4-12.8-12.8-12.8h-22.4c-6.4 0-12.8 6.4-12.8 12.8v134.4c0 6.4 6.4 12.8 12.8 12.8zM496 400H48V80c0-8.84-7.16-16-16-16H16C7.16 64 0 71.16 0 80v336c0 17.67 14.33 32 32 32h464c8.84 0 16-7.16 16-16v-16c0-8.84-7.16-16-16-16zm-387.2-48h22.4c6.4 0 12.8-6.4 12.8-12.8v-70.4c0-6.4-6.4-12.8-12.8-12.8h-22.4c-6.4 0-12.8 6.4-12.8 12.8v70.4c0 6.4 6.4 12.8 12.8 12.8z\" class=\"\"><\/path><\/svg><\/i> <img loading=\"lazy\" decoding=\"async\" width=\"16\" height=\"16\" alt=\"Loading\" src=\"https:\/\/www.sbirkygroup.cz\/wp-content\/plugins\/page-views-count\/ajax-loader-2x.gif\" border=0 \/><\/p><div class=\"pvc_clear\"><\/div>","protected":false},"excerpt":{"rendered":"<p>V \u010cech\u00e1ch se vyskytuje n\u011bkolik sb\u011bratel\u016f dom\u00e1c\u00edch elektrospot\u0159ebi\u010d\u016f. N\u011bkte\u0159\u00ed sb\u00edraj\u00ed jen vysava\u010de, n\u011bkte\u0159\u00ed sb\u00edraj\u00ed t\u0159eba mix\u00e9ry \u010di jin\u00ed sb\u00edraj\u00ed cel\u00fd sortiment dom\u00e1c\u00edch elektrospot\u0159ebi\u010d\u016f. Ka\u017ed\u00e1 takov\u00e1to sb\u00edrka je jedine\u010dn\u00e1 a nelze ji porovn\u00e1vat s ostatn\u00edmi sb\u00edrkami. Ka\u017ed\u00fd sb\u011bratel ji vede dle sv\u00e9ho uv\u00e1\u017een\u00ed a sm\u011b\u0159uje ji tam kam chce. Jedna z nejv\u011bt\u0161\u00edch sb\u00edrek v \u010cesku \u010d\u00edt\u00e1 [&hellip;]<\/p>\n<div class=\"pvc_clear\"><\/div>\n<p id=\"pvc_stats_55\" class=\"pvc_stats all  \" data-element-id=\"55\" style=\"\"><i class=\"pvc-stats-icon medium\" aria-hidden=\"true\"><svg aria-hidden=\"true\" focusable=\"false\" data-prefix=\"far\" data-icon=\"chart-bar\" role=\"img\" xmlns=\"http:\/\/www.w3.org\/2000\/svg\" viewBox=\"0 0 512 512\" class=\"svg-inline--fa fa-chart-bar fa-w-16 fa-2x\"><path fill=\"currentColor\" d=\"M396.8 352h22.4c6.4 0 12.8-6.4 12.8-12.8V108.8c0-6.4-6.4-12.8-12.8-12.8h-22.4c-6.4 0-12.8 6.4-12.8 12.8v230.4c0 6.4 6.4 12.8 12.8 12.8zm-192 0h22.4c6.4 0 12.8-6.4 12.8-12.8V140.8c0-6.4-6.4-12.8-12.8-12.8h-22.4c-6.4 0-12.8 6.4-12.8 12.8v198.4c0 6.4 6.4 12.8 12.8 12.8zm96 0h22.4c6.4 0 12.8-6.4 12.8-12.8V204.8c0-6.4-6.4-12.8-12.8-12.8h-22.4c-6.4 0-12.8 6.4-12.8 12.8v134.4c0 6.4 6.4 12.8 12.8 12.8zM496 400H48V80c0-8.84-7.16-16-16-16H16C7.16 64 0 71.16 0 80v336c0 17.67 14.33 32 32 32h464c8.84 0 16-7.16 16-16v-16c0-8.84-7.16-16-16-16zm-387.2-48h22.4c6.4 0 12.8-6.4 12.8-12.8v-70.4c0-6.4-6.4-12.8-12.8-12.8h-22.4c-6.4 0-12.8 6.4-12.8 12.8v70.4c0 6.4 6.4 12.8 12.8 12.8z\" class=\"\"><\/path><\/svg><\/i> <img loading=\"lazy\" decoding=\"async\" width=\"16\" height=\"16\" alt=\"Loading\" src=\"https:\/\/www.sbirkygroup.cz\/wp-content\/plugins\/page-views-count\/ajax-loader-2x.gif\" border=0 \/><\/p>\n<div class=\"pvc_clear\"><\/div>\n","protected":false},"author":1,"featured_media":0,"parent":0,"menu_order":1,"comment_status":"closed","ping_status":"closed","template":"","meta":{"footnotes":""},"class_list":["post-55","page","type-page","status-publish","hentry"],"a3_pvc":{"activated":true,"total_views":206,"today_views":0},"_links":{"self":[{"href":"https:\/\/www.sbirkygroup.cz\/index.php?rest_route=\/wp\/v2\/pages\/55","targetHints":{"allow":["GET"]}}],"collection":[{"href":"https:\/\/www.sbirkygroup.cz\/index.php?rest_route=\/wp\/v2\/pages"}],"about":[{"href":"https:\/\/www.sbirkygroup.cz\/index.php?rest_route=\/wp\/v2\/types\/page"}],"author":[{"embeddable":true,"href":"https:\/\/www.sbirkygroup.cz\/index.php?rest_route=\/wp\/v2\/users\/1"}],"replies":[{"embeddable":true,"href":"https:\/\/www.sbirkygroup.cz\/index.php?rest_route=%2Fwp%2Fv2%2Fcomments&post=55"}],"version-history":[{"count":13,"href":"https:\/\/www.sbirkygroup.cz\/index.php?rest_route=\/wp\/v2\/pages\/55\/revisions"}],"predecessor-version":[{"id":311,"href":"https:\/\/www.sbirkygroup.cz\/index.php?rest_route=\/wp\/v2\/pages\/55\/revisions\/311"}],"wp:attachment":[{"href":"https:\/\/www.sbirkygroup.cz\/index.php?rest_route=%2Fwp%2Fv2%2Fmedia&parent=55"}],"curies":[{"name":"wp","href":"https:\/\/api.w.org\/{rel}","templated":true}]}}