{"id":66,"date":"2023-08-31T13:24:22","date_gmt":"2023-08-31T11:24:22","guid":{"rendered":"https:\/\/www.sbirkygroup.cz\/?page_id=66"},"modified":"2026-01-28T14:45:18","modified_gmt":"2026-01-28T13:45:18","slug":"sbirky-na-slovensku","status":"publish","type":"page","link":"https:\/\/www.sbirkygroup.cz\/?page_id=66","title":{"rendered":"ZBIERKY na Slovensku"},"content":{"rendered":"\n<p>Tak ako v \u010cech\u00e1ch tak aj na Slovensku sa vyskytuje nieko\u013eko zberate\u013eov dom\u00e1cich elektrospotrebi\u010dov. Niektor\u00ed zbieraj\u00fa len vys\u00e1va\u010de, niektor\u00ed zbieraj\u00fa napr\u00edklad mix\u00e9ry \u010di in\u00ed zbieraj\u00fa cel\u00fd sortiment dom\u00e1cich elektrospotrebi\u010dov. Ka\u017ed\u00e1 tak\u00e1to zbierka je jedine\u010dn\u00e1 a nemo\u017eno ju porovn\u00e1va\u0165 s ostatn\u00fdmi zbierkami. Ka\u017ed\u00fd zberate\u013e ju vedie pod\u013ea svojho uv\u00e1\u017eenia a smeruje ju tam kam chce.<\/p>\n\n\n\n<div class=\"wp-block-columns is-layout-flex wp-container-core-columns-is-layout-28f84493 wp-block-columns-is-layout-flex\">\n<div class=\"wp-block-column is-layout-flow wp-block-column-is-layout-flow\" style=\"flex-basis:66.66%\">\n<p class=\"has-upper-heading-font-size\"><strong>Prv\u00e1<\/strong><\/p>\n\n\n\n<p>Jedna z najv\u00e4\u010d\u0161\u00edch zbierok na Slovensku m\u00e1 250+ kusov vys\u00e1va\u010dov r\u00f4znych zna\u010diek. Zberate\u013e zbiera vys\u00e1va\u010de prakticky 10+ rokov a za\u010dal produkciou pred druhou svetovou vojnou. Ku ka\u017ed\u00e9mu vys\u00e1va\u010du je origin\u00e1lne pr\u00edslu\u0161enstvo, ktor\u00e9 sa pred\u00e1valo v \u010dase jeho v\u00fdroby. N\u00e1vody na obsluhu s\u00fa samozrejmos\u0165ou a o ostatn\u00e9 materi\u00e1ly sa delia s \u010fal\u0161\u00edmi zberate\u013emi.<\/p>\n\n\n\n<hr class=\"wp-block-separator has-alpha-channel-opacity\"\/>\n\n\n\n<p>Zberate\u013e svoju zbierku prezentuje na spolo\u010dn\u00fdch webov\u00fdch str\u00e1nkach s ostatn\u00fdmi zberate\u013emi.<\/p>\n<\/div>\n\n\n\n<div class=\"wp-block-column is-layout-flow wp-block-column-is-layout-flow\" style=\"flex-basis:33.33%\">\n<figure class=\"wp-block-gallery has-nested-images columns-default is-cropped wp-block-gallery-1 is-layout-flex wp-block-gallery-is-layout-flex\">\n<figure data-wp-context=\"{&quot;imageId&quot;:&quot;69fb0d6f35f40&quot;}\" data-wp-interactive=\"core\/image\" data-wp-key=\"69fb0d6f35f40\" class=\"wp-block-image size-large wp-lightbox-container\"><img loading=\"lazy\" decoding=\"async\" width=\"1024\" height=\"1024\" data-wp-class--hide=\"state.isContentHidden\" data-wp-class--show=\"state.isContentVisible\" data-wp-init=\"callbacks.setButtonStyles\" data-wp-on--click=\"actions.showLightbox\" data-wp-on--load=\"callbacks.setButtonStyles\" data-wp-on-window--resize=\"callbacks.setButtonStyles\" data-id=\"127\" src=\"https:\/\/www.sbirkygroup.cz\/wp-content\/uploads\/2023\/09\/20230906_210236-COLLAGE-1024x1024.jpg\" alt=\"\" class=\"wp-image-127\" srcset=\"https:\/\/www.sbirkygroup.cz\/wp-content\/uploads\/2023\/09\/20230906_210236-COLLAGE-1024x1024.jpg 1024w, https:\/\/www.sbirkygroup.cz\/wp-content\/uploads\/2023\/09\/20230906_210236-COLLAGE-300x300.jpg 300w, https:\/\/www.sbirkygroup.cz\/wp-content\/uploads\/2023\/09\/20230906_210236-COLLAGE-150x150.jpg 150w, https:\/\/www.sbirkygroup.cz\/wp-content\/uploads\/2023\/09\/20230906_210236-COLLAGE-768x768.jpg 768w, https:\/\/www.sbirkygroup.cz\/wp-content\/uploads\/2023\/09\/20230906_210236-COLLAGE.jpg 1200w\" sizes=\"auto, (max-width: 1024px) 100vw, 1024px\" \/><button\n\t\t\tclass=\"lightbox-trigger\"\n\t\t\ttype=\"button\"\n\t\t\taria-haspopup=\"dialog\"\n\t\t\taria-label=\"Zv\u011bt\u0161it\"\n\t\t\tdata-wp-init=\"callbacks.initTriggerButton\"\n\t\t\tdata-wp-on--click=\"actions.showLightbox\"\n\t\t\tdata-wp-style--right=\"state.imageButtonRight\"\n\t\t\tdata-wp-style--top=\"state.imageButtonTop\"\n\t\t>\n\t\t\t<svg xmlns=\"http:\/\/www.w3.org\/2000\/svg\" width=\"12\" height=\"12\" fill=\"none\" viewBox=\"0 0 12 12\">\n\t\t\t\t<path fill=\"#fff\" d=\"M2 0a2 2 0 0 0-2 2v2h1.5V2a.5.5 0 0 1 .5-.5h2V0H2Zm2 10.5H2a.5.5 0 0 1-.5-.5V8H0v2a2 2 0 0 0 2 2h2v-1.5ZM8 12v-1.5h2a.5.5 0 0 0 .5-.5V8H12v2a2 2 0 0 1-2 2H8Zm2-12a2 2 0 0 1 2 2v2h-1.5V2a.5.5 0 0 0-.5-.5H8V0h2Z\" \/>\n\t\t\t<\/svg>\n\t\t<\/button><\/figure>\n<\/figure>\n\n\n\n<figure class=\"wp-block-gallery has-nested-images columns-default is-cropped wp-block-gallery-2 is-layout-flex wp-block-gallery-is-layout-flex\">\n<figure data-wp-context=\"{&quot;imageId&quot;:&quot;69fb0d6f36c8a&quot;}\" data-wp-interactive=\"core\/image\" data-wp-key=\"69fb0d6f36c8a\" class=\"wp-block-image size-large wp-lightbox-container\"><img loading=\"lazy\" decoding=\"async\" width=\"1024\" height=\"1024\" data-wp-class--hide=\"state.isContentHidden\" data-wp-class--show=\"state.isContentVisible\" data-wp-init=\"callbacks.setButtonStyles\" data-wp-on--click=\"actions.showLightbox\" data-wp-on--load=\"callbacks.setButtonStyles\" data-wp-on-window--resize=\"callbacks.setButtonStyles\" data-id=\"126\" src=\"https:\/\/www.sbirkygroup.cz\/wp-content\/uploads\/2023\/09\/20230902_231444-COLLAGE-1024x1024.jpg\" alt=\"\" class=\"wp-image-126\" srcset=\"https:\/\/www.sbirkygroup.cz\/wp-content\/uploads\/2023\/09\/20230902_231444-COLLAGE-1024x1024.jpg 1024w, https:\/\/www.sbirkygroup.cz\/wp-content\/uploads\/2023\/09\/20230902_231444-COLLAGE-300x300.jpg 300w, https:\/\/www.sbirkygroup.cz\/wp-content\/uploads\/2023\/09\/20230902_231444-COLLAGE-150x150.jpg 150w, https:\/\/www.sbirkygroup.cz\/wp-content\/uploads\/2023\/09\/20230902_231444-COLLAGE-768x768.jpg 768w, https:\/\/www.sbirkygroup.cz\/wp-content\/uploads\/2023\/09\/20230902_231444-COLLAGE.jpg 1200w\" sizes=\"auto, (max-width: 1024px) 100vw, 1024px\" \/><button\n\t\t\tclass=\"lightbox-trigger\"\n\t\t\ttype=\"button\"\n\t\t\taria-haspopup=\"dialog\"\n\t\t\taria-label=\"Zv\u011bt\u0161it\"\n\t\t\tdata-wp-init=\"callbacks.initTriggerButton\"\n\t\t\tdata-wp-on--click=\"actions.showLightbox\"\n\t\t\tdata-wp-style--right=\"state.imageButtonRight\"\n\t\t\tdata-wp-style--top=\"state.imageButtonTop\"\n\t\t>\n\t\t\t<svg xmlns=\"http:\/\/www.w3.org\/2000\/svg\" width=\"12\" height=\"12\" fill=\"none\" viewBox=\"0 0 12 12\">\n\t\t\t\t<path fill=\"#fff\" d=\"M2 0a2 2 0 0 0-2 2v2h1.5V2a.5.5 0 0 1 .5-.5h2V0H2Zm2 10.5H2a.5.5 0 0 1-.5-.5V8H0v2a2 2 0 0 0 2 2h2v-1.5ZM8 12v-1.5h2a.5.5 0 0 0 .5-.5V8H12v2a2 2 0 0 1-2 2H8Zm2-12a2 2 0 0 1 2 2v2h-1.5V2a.5.5 0 0 0-.5-.5H8V0h2Z\" \/>\n\t\t\t<\/svg>\n\t\t<\/button><\/figure>\n<\/figure>\n<\/div>\n<\/div>\n\n\n\n<hr class=\"wp-block-separator has-alpha-channel-opacity\"\/>\n\n\n\n<div class=\"wp-block-columns is-layout-flex wp-container-core-columns-is-layout-28f84493 wp-block-columns-is-layout-flex\">\n<div class=\"wp-block-column is-layout-flow wp-block-column-is-layout-flow\" style=\"flex-basis:66.66%\">\n<p class=\"has-upper-heading-font-size\"><strong>Druh\u00e1<\/strong><\/p>\n\n\n\n<p>\u010eal\u0161ia z rozsiahlych zbierok, kde sa zberate\u013e neobmedzuje len na jeden typ elektrospotrebi\u010da. V tejto zbierke n\u00e1jdeme okrem in\u00e9ho mix\u00e9ry, \u0161\u013eaha\u010de, kuchynsk\u00e9 roboty, pr\u00e1\u010dky, f\u00e9ny, ale aj \u0161amp\u00f3nova\u010de a r\u00f4zne tepova\u010de. Zberate\u013e sa taktie\u017e neobmedzuje len na jednu zna\u010dku v\u00fdrobcu. T\u00e1to zbierka je ve\u013emi pestr\u00e1 a zberate\u013e db\u00e1 na kompletnos\u0165 ka\u017ed\u00e9ho kusu v zbierke vr\u00e1tane origin\u00e1lneho pr\u00edslu\u0161enstva.<\/p>\n\n\n\n<hr class=\"wp-block-separator has-alpha-channel-opacity\"\/>\n\n\n\n<p>Zberate\u013e svoju zbierku prezentuje na spolo\u010dn\u00fdch webov\u00fdch str\u00e1nkach s ostatn\u00fdmi zberate\u013emi.<\/p>\n<\/div>\n\n\n\n<div class=\"wp-block-column is-layout-flow wp-block-column-is-layout-flow\" style=\"flex-basis:33.33%\">\n<figure class=\"wp-block-gallery has-nested-images columns-default is-cropped wp-block-gallery-3 is-layout-flex wp-block-gallery-is-layout-flex\">\n<figure data-wp-context=\"{&quot;imageId&quot;:&quot;69fb0d6f37d29&quot;}\" data-wp-interactive=\"core\/image\" data-wp-key=\"69fb0d6f37d29\" class=\"wp-block-image size-large wp-lightbox-container\"><img loading=\"lazy\" decoding=\"async\" width=\"1024\" height=\"1024\" data-wp-class--hide=\"state.isContentHidden\" data-wp-class--show=\"state.isContentVisible\" data-wp-init=\"callbacks.setButtonStyles\" data-wp-on--click=\"actions.showLightbox\" data-wp-on--load=\"callbacks.setButtonStyles\" data-wp-on-window--resize=\"callbacks.setButtonStyles\" data-id=\"177\" src=\"https:\/\/www.sbirkygroup.cz\/wp-content\/uploads\/2023\/09\/IMG_20230325_104043-COLLAGE-1024x1024.jpg\" alt=\"\" class=\"wp-image-177\" srcset=\"https:\/\/www.sbirkygroup.cz\/wp-content\/uploads\/2023\/09\/IMG_20230325_104043-COLLAGE-1024x1024.jpg 1024w, https:\/\/www.sbirkygroup.cz\/wp-content\/uploads\/2023\/09\/IMG_20230325_104043-COLLAGE-300x300.jpg 300w, https:\/\/www.sbirkygroup.cz\/wp-content\/uploads\/2023\/09\/IMG_20230325_104043-COLLAGE-150x150.jpg 150w, https:\/\/www.sbirkygroup.cz\/wp-content\/uploads\/2023\/09\/IMG_20230325_104043-COLLAGE-768x768.jpg 768w, https:\/\/www.sbirkygroup.cz\/wp-content\/uploads\/2023\/09\/IMG_20230325_104043-COLLAGE.jpg 1200w\" sizes=\"auto, (max-width: 1024px) 100vw, 1024px\" \/><button\n\t\t\tclass=\"lightbox-trigger\"\n\t\t\ttype=\"button\"\n\t\t\taria-haspopup=\"dialog\"\n\t\t\taria-label=\"Zv\u011bt\u0161it\"\n\t\t\tdata-wp-init=\"callbacks.initTriggerButton\"\n\t\t\tdata-wp-on--click=\"actions.showLightbox\"\n\t\t\tdata-wp-style--right=\"state.imageButtonRight\"\n\t\t\tdata-wp-style--top=\"state.imageButtonTop\"\n\t\t>\n\t\t\t<svg xmlns=\"http:\/\/www.w3.org\/2000\/svg\" width=\"12\" height=\"12\" fill=\"none\" viewBox=\"0 0 12 12\">\n\t\t\t\t<path fill=\"#fff\" d=\"M2 0a2 2 0 0 0-2 2v2h1.5V2a.5.5 0 0 1 .5-.5h2V0H2Zm2 10.5H2a.5.5 0 0 1-.5-.5V8H0v2a2 2 0 0 0 2 2h2v-1.5ZM8 12v-1.5h2a.5.5 0 0 0 .5-.5V8H12v2a2 2 0 0 1-2 2H8Zm2-12a2 2 0 0 1 2 2v2h-1.5V2a.5.5 0 0 0-.5-.5H8V0h2Z\" \/>\n\t\t\t<\/svg>\n\t\t<\/button><\/figure>\n<\/figure>\n\n\n\n<figure class=\"wp-block-gallery has-nested-images columns-default is-cropped wp-block-gallery-4 is-layout-flex wp-block-gallery-is-layout-flex\">\n<figure data-wp-context=\"{&quot;imageId&quot;:&quot;69fb0d6f38b53&quot;}\" data-wp-interactive=\"core\/image\" data-wp-key=\"69fb0d6f38b53\" class=\"wp-block-image size-large wp-lightbox-container\"><img loading=\"lazy\" decoding=\"async\" width=\"1024\" height=\"1024\" data-wp-class--hide=\"state.isContentHidden\" data-wp-class--show=\"state.isContentVisible\" data-wp-init=\"callbacks.setButtonStyles\" data-wp-on--click=\"actions.showLightbox\" data-wp-on--load=\"callbacks.setButtonStyles\" data-wp-on-window--resize=\"callbacks.setButtonStyles\" data-id=\"313\" src=\"https:\/\/www.sbirkygroup.cz\/wp-content\/uploads\/2026\/01\/IMG_20230325_104043-COLLAGE-kopie-1024x1024.jpg\" alt=\"\" class=\"wp-image-313\" srcset=\"https:\/\/www.sbirkygroup.cz\/wp-content\/uploads\/2026\/01\/IMG_20230325_104043-COLLAGE-kopie-1024x1024.jpg 1024w, https:\/\/www.sbirkygroup.cz\/wp-content\/uploads\/2026\/01\/IMG_20230325_104043-COLLAGE-kopie-300x300.jpg 300w, https:\/\/www.sbirkygroup.cz\/wp-content\/uploads\/2026\/01\/IMG_20230325_104043-COLLAGE-kopie-150x150.jpg 150w, https:\/\/www.sbirkygroup.cz\/wp-content\/uploads\/2026\/01\/IMG_20230325_104043-COLLAGE-kopie-768x768.jpg 768w, https:\/\/www.sbirkygroup.cz\/wp-content\/uploads\/2026\/01\/IMG_20230325_104043-COLLAGE-kopie.jpg 1200w\" sizes=\"auto, (max-width: 1024px) 100vw, 1024px\" \/><button\n\t\t\tclass=\"lightbox-trigger\"\n\t\t\ttype=\"button\"\n\t\t\taria-haspopup=\"dialog\"\n\t\t\taria-label=\"Zv\u011bt\u0161it\"\n\t\t\tdata-wp-init=\"callbacks.initTriggerButton\"\n\t\t\tdata-wp-on--click=\"actions.showLightbox\"\n\t\t\tdata-wp-style--right=\"state.imageButtonRight\"\n\t\t\tdata-wp-style--top=\"state.imageButtonTop\"\n\t\t>\n\t\t\t<svg xmlns=\"http:\/\/www.w3.org\/2000\/svg\" width=\"12\" height=\"12\" fill=\"none\" viewBox=\"0 0 12 12\">\n\t\t\t\t<path fill=\"#fff\" d=\"M2 0a2 2 0 0 0-2 2v2h1.5V2a.5.5 0 0 1 .5-.5h2V0H2Zm2 10.5H2a.5.5 0 0 1-.5-.5V8H0v2a2 2 0 0 0 2 2h2v-1.5ZM8 12v-1.5h2a.5.5 0 0 0 .5-.5V8H12v2a2 2 0 0 1-2 2H8Zm2-12a2 2 0 0 1 2 2v2h-1.5V2a.5.5 0 0 0-.5-.5H8V0h2Z\" \/>\n\t\t\t<\/svg>\n\t\t<\/button><\/figure>\n<\/figure>\n<\/div>\n<\/div>\n\n\n\n<hr class=\"wp-block-separator has-alpha-channel-opacity\"\/>\n\n\n\n<div class=\"wp-block-columns is-layout-flex wp-container-core-columns-is-layout-28f84493 wp-block-columns-is-layout-flex\">\n<div class=\"wp-block-column is-layout-flow wp-block-column-is-layout-flow\" style=\"flex-basis:66.66%\">\n<p class=\"has-text-align-left\"><strong>Kontakty na zbierky a zberatelia<\/strong>:<\/p>\n\n\n\n<p><a href=\"mailto:info@etavysavace.sk\" target=\"_blank\" rel=\"noreferrer noopener\">info@etavysavace.sk<\/a><\/p>\n\n\n\n<p class=\"has-text-align-left\"><a href=\"http:\/\/www.etavysavace.sk\">www.<\/a><a href=\"http:\/\/www.etavysavace.sk\" target=\"_blank\" rel=\"noreferrer noopener\">etavysavace<\/a><a href=\"http:\/\/www.etavysavace.sk\">.sk<\/a><\/p>\n\n\n\n<hr class=\"wp-block-separator has-alpha-channel-opacity\"\/>\n<\/div>\n\n\n\n<div class=\"wp-block-column is-layout-flow wp-block-column-is-layout-flow\" style=\"flex-basis:33.33%\"><\/div>\n<\/div>\n\n\n\n<p><\/p>\n<div class=\"pvc_clear\"><\/div><p id=\"pvc_stats_66\" class=\"pvc_stats all  \" data-element-id=\"66\" style=\"\"><i class=\"pvc-stats-icon medium\" aria-hidden=\"true\"><svg aria-hidden=\"true\" focusable=\"false\" data-prefix=\"far\" data-icon=\"chart-bar\" role=\"img\" xmlns=\"http:\/\/www.w3.org\/2000\/svg\" viewBox=\"0 0 512 512\" class=\"svg-inline--fa fa-chart-bar fa-w-16 fa-2x\"><path fill=\"currentColor\" d=\"M396.8 352h22.4c6.4 0 12.8-6.4 12.8-12.8V108.8c0-6.4-6.4-12.8-12.8-12.8h-22.4c-6.4 0-12.8 6.4-12.8 12.8v230.4c0 6.4 6.4 12.8 12.8 12.8zm-192 0h22.4c6.4 0 12.8-6.4 12.8-12.8V140.8c0-6.4-6.4-12.8-12.8-12.8h-22.4c-6.4 0-12.8 6.4-12.8 12.8v198.4c0 6.4 6.4 12.8 12.8 12.8zm96 0h22.4c6.4 0 12.8-6.4 12.8-12.8V204.8c0-6.4-6.4-12.8-12.8-12.8h-22.4c-6.4 0-12.8 6.4-12.8 12.8v134.4c0 6.4 6.4 12.8 12.8 12.8zM496 400H48V80c0-8.84-7.16-16-16-16H16C7.16 64 0 71.16 0 80v336c0 17.67 14.33 32 32 32h464c8.84 0 16-7.16 16-16v-16c0-8.84-7.16-16-16-16zm-387.2-48h22.4c6.4 0 12.8-6.4 12.8-12.8v-70.4c0-6.4-6.4-12.8-12.8-12.8h-22.4c-6.4 0-12.8 6.4-12.8 12.8v70.4c0 6.4 6.4 12.8 12.8 12.8z\" class=\"\"><\/path><\/svg><\/i> <img loading=\"lazy\" decoding=\"async\" width=\"16\" height=\"16\" alt=\"Loading\" src=\"https:\/\/www.sbirkygroup.cz\/wp-content\/plugins\/page-views-count\/ajax-loader-2x.gif\" border=0 \/><\/p><div class=\"pvc_clear\"><\/div>","protected":false},"excerpt":{"rendered":"<p>Tak ako v \u010cech\u00e1ch tak aj na Slovensku sa vyskytuje nieko\u013eko zberate\u013eov dom\u00e1cich elektrospotrebi\u010dov. Niektor\u00ed zbieraj\u00fa len vys\u00e1va\u010de, niektor\u00ed zbieraj\u00fa napr\u00edklad mix\u00e9ry \u010di in\u00ed zbieraj\u00fa cel\u00fd sortiment dom\u00e1cich elektrospotrebi\u010dov. Ka\u017ed\u00e1 tak\u00e1to zbierka je jedine\u010dn\u00e1 a nemo\u017eno ju porovn\u00e1va\u0165 s ostatn\u00fdmi zbierkami. Ka\u017ed\u00fd zberate\u013e ju vedie pod\u013ea svojho uv\u00e1\u017eenia a smeruje ju tam kam chce. Prv\u00e1 [&hellip;]<\/p>\n<div class=\"pvc_clear\"><\/div>\n<p id=\"pvc_stats_66\" class=\"pvc_stats all  \" data-element-id=\"66\" style=\"\"><i class=\"pvc-stats-icon medium\" aria-hidden=\"true\"><svg aria-hidden=\"true\" focusable=\"false\" data-prefix=\"far\" data-icon=\"chart-bar\" role=\"img\" xmlns=\"http:\/\/www.w3.org\/2000\/svg\" viewBox=\"0 0 512 512\" class=\"svg-inline--fa fa-chart-bar fa-w-16 fa-2x\"><path fill=\"currentColor\" d=\"M396.8 352h22.4c6.4 0 12.8-6.4 12.8-12.8V108.8c0-6.4-6.4-12.8-12.8-12.8h-22.4c-6.4 0-12.8 6.4-12.8 12.8v230.4c0 6.4 6.4 12.8 12.8 12.8zm-192 0h22.4c6.4 0 12.8-6.4 12.8-12.8V140.8c0-6.4-6.4-12.8-12.8-12.8h-22.4c-6.4 0-12.8 6.4-12.8 12.8v198.4c0 6.4 6.4 12.8 12.8 12.8zm96 0h22.4c6.4 0 12.8-6.4 12.8-12.8V204.8c0-6.4-6.4-12.8-12.8-12.8h-22.4c-6.4 0-12.8 6.4-12.8 12.8v134.4c0 6.4 6.4 12.8 12.8 12.8zM496 400H48V80c0-8.84-7.16-16-16-16H16C7.16 64 0 71.16 0 80v336c0 17.67 14.33 32 32 32h464c8.84 0 16-7.16 16-16v-16c0-8.84-7.16-16-16-16zm-387.2-48h22.4c6.4 0 12.8-6.4 12.8-12.8v-70.4c0-6.4-6.4-12.8-12.8-12.8h-22.4c-6.4 0-12.8 6.4-12.8 12.8v70.4c0 6.4 6.4 12.8 12.8 12.8z\" class=\"\"><\/path><\/svg><\/i> <img loading=\"lazy\" decoding=\"async\" width=\"16\" height=\"16\" alt=\"Loading\" src=\"https:\/\/www.sbirkygroup.cz\/wp-content\/plugins\/page-views-count\/ajax-loader-2x.gif\" border=0 \/><\/p>\n<div class=\"pvc_clear\"><\/div>\n","protected":false},"author":1,"featured_media":0,"parent":0,"menu_order":2,"comment_status":"closed","ping_status":"closed","template":"","meta":{"footnotes":""},"class_list":["post-66","page","type-page","status-publish","hentry"],"a3_pvc":{"activated":true,"total_views":160,"today_views":0},"_links":{"self":[{"href":"https:\/\/www.sbirkygroup.cz\/index.php?rest_route=\/wp\/v2\/pages\/66","targetHints":{"allow":["GET"]}}],"collection":[{"href":"https:\/\/www.sbirkygroup.cz\/index.php?rest_route=\/wp\/v2\/pages"}],"about":[{"href":"https:\/\/www.sbirkygroup.cz\/index.php?rest_route=\/wp\/v2\/types\/page"}],"author":[{"embeddable":true,"href":"https:\/\/www.sbirkygroup.cz\/index.php?rest_route=\/wp\/v2\/users\/1"}],"replies":[{"embeddable":true,"href":"https:\/\/www.sbirkygroup.cz\/index.php?rest_route=%2Fwp%2Fv2%2Fcomments&post=66"}],"version-history":[{"count":12,"href":"https:\/\/www.sbirkygroup.cz\/index.php?rest_route=\/wp\/v2\/pages\/66\/revisions"}],"predecessor-version":[{"id":314,"href":"https:\/\/www.sbirkygroup.cz\/index.php?rest_route=\/wp\/v2\/pages\/66\/revisions\/314"}],"wp:attachment":[{"href":"https:\/\/www.sbirkygroup.cz\/index.php?rest_route=%2Fwp%2Fv2%2Fmedia&parent=66"}],"curies":[{"name":"wp","href":"https:\/\/api.w.org\/{rel}","templated":true}]}}