{"id":76,"date":"2023-08-31T13:46:49","date_gmt":"2023-08-31T11:46:49","guid":{"rendered":"https:\/\/www.sbirkygroup.cz\/?page_id=76"},"modified":"2026-01-28T14:50:34","modified_gmt":"2026-01-28T13:50:34","slug":"spratelene-weby","status":"publish","type":"page","link":"https:\/\/www.sbirkygroup.cz\/?page_id=76","title":{"rendered":"Sp\u0159\u00e1telen\u00e9 weby"},"content":{"rendered":"\n<p>Spolupracujeme a z\u00e1rove\u0148 za\u0161ti\u0165ujeme sp\u0159\u00e1telen\u00e9 weby, kter\u00e9 se v\u011bnuj\u00ed sb\u00edrk\u00e1m elektrospot\u0159ebi\u010d\u016f. Tyto weby jsou v \u010de\u0161tin\u011b, sloven\u0161tin\u011b a ma\u010far\u0161tin\u011b. M\u00e1me tedy mezin\u00e1rodn\u00ed p\u0159esah a r\u00e1di si V\u00e1s vezmeme pod k\u0159\u00eddla.<\/p>\n\n\n\n<div class=\"wp-block-columns is-layout-flex wp-container-core-columns-is-layout-28f84493 wp-block-columns-is-layout-flex\">\n<div class=\"wp-block-column is-layout-flow wp-block-column-is-layout-flow\" style=\"flex-basis:33.33%\">\n<h2 class=\"wp-block-heading\">\u010cesko<\/h2>\n\n\n\n<p>Tematick\u00fd web v\u011bnovan\u00fd sb\u00edrce, kter\u00fd se soust\u0159ed\u00ed na vysava\u010de zna\u010dky ETA.<\/p>\n<\/div>\n\n\n\n<div class=\"wp-block-column is-layout-flow wp-block-column-is-layout-flow\" style=\"flex-basis:66.66%\">\n<div class=\"wp-block-columns is-layout-flex wp-container-core-columns-is-layout-28f84493 wp-block-columns-is-layout-flex\">\n<div class=\"wp-block-column is-layout-flow wp-block-column-is-layout-flow\">\n<p><\/p>\n\n\n\n<p class=\"has-text-align-center\"><a href=\"http:\/\/www.etavysavace.cz\" data-type=\"link\" data-id=\"www.etavysavace.cz\">www.<\/a><a href=\"http:\/\/www.etavysavace.cz\" data-type=\"link\" data-id=\"www.etavysavace.cz\" target=\"_blank\" rel=\"noreferrer noopener\">etavysavace<\/a><a href=\"http:\/\/www.etavysavace.cz\" data-type=\"link\" data-id=\"www.etavysavace.cz\">.cz<\/a><\/p>\n\n\n\n<p class=\"has-text-align-center\"><a href=\"mailto:info@etavysavace.cz\" target=\"_blank\" rel=\"noreferrer noopener\">info@etavysavace.cz<\/a><\/p>\n<\/div>\n\n\n\n<div class=\"wp-block-column is-layout-flow wp-block-column-is-layout-flow\">\n<figure class=\"wp-block-gallery has-nested-images columns-default is-cropped wp-block-gallery-1 is-layout-flex wp-block-gallery-is-layout-flex\">\n<figure data-wp-context=\"{&quot;imageId&quot;:&quot;69fb0ba022305&quot;}\" data-wp-interactive=\"core\/image\" data-wp-key=\"69fb0ba022305\" class=\"wp-block-image size-large wp-lightbox-container\"><img loading=\"lazy\" decoding=\"async\" width=\"1024\" height=\"768\" data-wp-class--hide=\"state.isContentHidden\" data-wp-class--show=\"state.isContentVisible\" data-wp-init=\"callbacks.setButtonStyles\" data-wp-on--click=\"actions.showLightbox\" data-wp-on--load=\"callbacks.setButtonStyles\" data-wp-on-window--resize=\"callbacks.setButtonStyles\" data-id=\"316\" src=\"https:\/\/www.sbirkygroup.cz\/wp-content\/uploads\/2026\/01\/IMG_8713-1024x768.jpg\" alt=\"\" class=\"wp-image-316\" srcset=\"https:\/\/www.sbirkygroup.cz\/wp-content\/uploads\/2026\/01\/IMG_8713-1024x768.jpg 1024w, https:\/\/www.sbirkygroup.cz\/wp-content\/uploads\/2026\/01\/IMG_8713-300x225.jpg 300w, https:\/\/www.sbirkygroup.cz\/wp-content\/uploads\/2026\/01\/IMG_8713-768x576.jpg 768w, https:\/\/www.sbirkygroup.cz\/wp-content\/uploads\/2026\/01\/IMG_8713-1536x1152.jpg 1536w, https:\/\/www.sbirkygroup.cz\/wp-content\/uploads\/2026\/01\/IMG_8713.jpg 1600w\" sizes=\"auto, (max-width: 1024px) 100vw, 1024px\" \/><button\n\t\t\tclass=\"lightbox-trigger\"\n\t\t\ttype=\"button\"\n\t\t\taria-haspopup=\"dialog\"\n\t\t\taria-label=\"Zv\u011bt\u0161it\"\n\t\t\tdata-wp-init=\"callbacks.initTriggerButton\"\n\t\t\tdata-wp-on--click=\"actions.showLightbox\"\n\t\t\tdata-wp-style--right=\"state.imageButtonRight\"\n\t\t\tdata-wp-style--top=\"state.imageButtonTop\"\n\t\t>\n\t\t\t<svg xmlns=\"http:\/\/www.w3.org\/2000\/svg\" width=\"12\" height=\"12\" fill=\"none\" viewBox=\"0 0 12 12\">\n\t\t\t\t<path fill=\"#fff\" d=\"M2 0a2 2 0 0 0-2 2v2h1.5V2a.5.5 0 0 1 .5-.5h2V0H2Zm2 10.5H2a.5.5 0 0 1-.5-.5V8H0v2a2 2 0 0 0 2 2h2v-1.5ZM8 12v-1.5h2a.5.5 0 0 0 .5-.5V8H12v2a2 2 0 0 1-2 2H8Zm2-12a2 2 0 0 1 2 2v2h-1.5V2a.5.5 0 0 0-.5-.5H8V0h2Z\" \/>\n\t\t\t<\/svg>\n\t\t<\/button><\/figure>\n<\/figure>\n<\/div>\n<\/div>\n<\/div>\n<\/div>\n\n\n\n<hr class=\"wp-block-separator has-alpha-channel-opacity\"\/>\n\n\n\n<p>Spolupracujeme a z\u00e1rove\u0148 zais\u0165ujeme spriatelen\u00e9 weby, ktor\u00e9 sa venuj\u00fa zbierkam elektrospotrebi\u010dov. Tieto weby s\u00fa v \u010de\u0161tine, sloven\u010dine a ma\u010far\u010dine. M\u00e1me teda medzin\u00e1rodn\u00fd presah a radi si V\u00e1s vezmeme pod kr\u00eddla.<\/p>\n\n\n\n<div class=\"wp-block-columns is-layout-flex wp-container-core-columns-is-layout-28f84493 wp-block-columns-is-layout-flex\">\n<div class=\"wp-block-column is-layout-flow wp-block-column-is-layout-flow\" style=\"flex-basis:33.33%\">\n<h2 class=\"wp-block-heading\">Slovensko<\/h2>\n\n\n\n<p>Str\u00e1nky venuj\u00face sa nieko\u013ek\u00fdm zbierkam na Slovensku. Nielen vys\u00e1va\u010de, ale aj in\u00e9 elektrospotrebi\u010de tu n\u00e1jdeme.<\/p>\n<\/div>\n\n\n\n<div class=\"wp-block-column is-layout-flow wp-block-column-is-layout-flow\" style=\"flex-basis:66.66%\">\n<div class=\"wp-block-columns is-layout-flex wp-container-core-columns-is-layout-28f84493 wp-block-columns-is-layout-flex\">\n<div class=\"wp-block-column is-layout-flow wp-block-column-is-layout-flow\">\n<p><\/p>\n\n\n\n<p class=\"has-text-align-center\"><a href=\"http:\/\/www.etavysavace.eu\" data-type=\"link\" data-id=\"www.etavysavace.eu\" target=\"_blank\" rel=\"noreferrer noopener\">www.etavysavace.eu<\/a><\/p>\n\n\n\n<p class=\"has-text-align-center\"><a href=\"mailto:stefan@etavysavace.eu\" target=\"_blank\" rel=\"noreferrer noopener\">stefan@etavysavace.eu<\/a><\/p>\n<\/div>\n\n\n\n<div class=\"wp-block-column is-layout-flow wp-block-column-is-layout-flow\">\n<figure class=\"wp-block-gallery has-nested-images columns-default is-cropped wp-block-gallery-2 is-layout-flex wp-block-gallery-is-layout-flex\">\n<figure data-wp-context=\"{&quot;imageId&quot;:&quot;69fb0ba02355e&quot;}\" data-wp-interactive=\"core\/image\" data-wp-key=\"69fb0ba02355e\" class=\"wp-block-image size-large wp-lightbox-container\"><img loading=\"lazy\" decoding=\"async\" width=\"1024\" height=\"1024\" data-wp-class--hide=\"state.isContentHidden\" data-wp-class--show=\"state.isContentVisible\" data-wp-init=\"callbacks.setButtonStyles\" data-wp-on--click=\"actions.showLightbox\" data-wp-on--load=\"callbacks.setButtonStyles\" data-wp-on-window--resize=\"callbacks.setButtonStyles\" data-id=\"188\" src=\"https:\/\/www.sbirkygroup.cz\/wp-content\/uploads\/2023\/09\/20230902_231444-COLLAGE-1-1024x1024.jpg\" alt=\"\" class=\"wp-image-188\" srcset=\"https:\/\/www.sbirkygroup.cz\/wp-content\/uploads\/2023\/09\/20230902_231444-COLLAGE-1-1024x1024.jpg 1024w, https:\/\/www.sbirkygroup.cz\/wp-content\/uploads\/2023\/09\/20230902_231444-COLLAGE-1-300x300.jpg 300w, https:\/\/www.sbirkygroup.cz\/wp-content\/uploads\/2023\/09\/20230902_231444-COLLAGE-1-150x150.jpg 150w, https:\/\/www.sbirkygroup.cz\/wp-content\/uploads\/2023\/09\/20230902_231444-COLLAGE-1-768x768.jpg 768w, https:\/\/www.sbirkygroup.cz\/wp-content\/uploads\/2023\/09\/20230902_231444-COLLAGE-1.jpg 1200w\" sizes=\"auto, (max-width: 1024px) 100vw, 1024px\" \/><button\n\t\t\tclass=\"lightbox-trigger\"\n\t\t\ttype=\"button\"\n\t\t\taria-haspopup=\"dialog\"\n\t\t\taria-label=\"Zv\u011bt\u0161it\"\n\t\t\tdata-wp-init=\"callbacks.initTriggerButton\"\n\t\t\tdata-wp-on--click=\"actions.showLightbox\"\n\t\t\tdata-wp-style--right=\"state.imageButtonRight\"\n\t\t\tdata-wp-style--top=\"state.imageButtonTop\"\n\t\t>\n\t\t\t<svg xmlns=\"http:\/\/www.w3.org\/2000\/svg\" width=\"12\" height=\"12\" fill=\"none\" viewBox=\"0 0 12 12\">\n\t\t\t\t<path fill=\"#fff\" d=\"M2 0a2 2 0 0 0-2 2v2h1.5V2a.5.5 0 0 1 .5-.5h2V0H2Zm2 10.5H2a.5.5 0 0 1-.5-.5V8H0v2a2 2 0 0 0 2 2h2v-1.5ZM8 12v-1.5h2a.5.5 0 0 0 .5-.5V8H12v2a2 2 0 0 1-2 2H8Zm2-12a2 2 0 0 1 2 2v2h-1.5V2a.5.5 0 0 0-.5-.5H8V0h2Z\" \/>\n\t\t\t<\/svg>\n\t\t<\/button><\/figure>\n<\/figure>\n<\/div>\n<\/div>\n<\/div>\n<\/div>\n\n\n\n<hr class=\"wp-block-separator has-alpha-channel-opacity\"\/>\n\n\n\n<p>Egy\u00fcttm\u0171k\u00f6d\u00fcnk, \u00e9s egyben p\u00e1rtfogolunk olyan bar\u00e1ts\u00e1gos weboldalakat, amelyek az elektromos k\u00e9sz\u00fcl\u00e9kek gy\u0171jtem\u00e9nyeivel foglalkoznak. Ezek a weboldalak cseh, szlov\u00e1k \u00e9s magyar nyelv\u0171ek. Ez\u00e9rt nemzetk\u00f6zi hat\u00f3k\u00f6rrel rendelkez\u00fcnk, \u00e9s \u00f6r\u00f6mmel venn\u00e9nk \u00d6nt sz\u00e1rnyaink al\u00e1.<\/p>\n\n\n\n<div class=\"wp-block-columns is-layout-flex wp-container-core-columns-is-layout-28f84493 wp-block-columns-is-layout-flex\">\n<div class=\"wp-block-column is-layout-flow wp-block-column-is-layout-flow\" style=\"flex-basis:33.33%\">\n<h2 class=\"wp-block-heading\">Magyarorsz\u00e1g<\/h2>\n\n\n\n<p>A gy\u0171jtem\u00e9nyeket magyarul \u00e9s egyben szlov\u00e1kul ismertet\u0151 oldalak.<\/p>\n<\/div>\n\n\n\n<div class=\"wp-block-column is-layout-flow wp-block-column-is-layout-flow\" style=\"flex-basis:66.66%\">\n<div class=\"wp-block-columns is-layout-flex wp-container-core-columns-is-layout-28f84493 wp-block-columns-is-layout-flex\">\n<div class=\"wp-block-column is-layout-flow wp-block-column-is-layout-flow\">\n<p><\/p>\n\n\n\n<p class=\"has-text-align-center\"><a href=\"http:\/\/www.etavysavace.sk\" data-type=\"link\" data-id=\"www.etavysavace.sk\" target=\"_blank\" rel=\"noreferrer noopener\">www.etavysavace.sk<\/a><\/p>\n\n\n\n<p class=\"has-text-align-center\"><a href=\"mailto:info@etavysavace.sk\" target=\"_blank\" rel=\"noreferrer noopener\">info@etavysavace.sk<\/a><\/p>\n<\/div>\n\n\n\n<div class=\"wp-block-column is-layout-flow wp-block-column-is-layout-flow\">\n<figure class=\"wp-block-gallery has-nested-images columns-default is-cropped wp-block-gallery-3 is-layout-flex wp-block-gallery-is-layout-flex\">\n<figure data-wp-context=\"{&quot;imageId&quot;:&quot;69fb0ba0244a0&quot;}\" data-wp-interactive=\"core\/image\" data-wp-key=\"69fb0ba0244a0\" class=\"wp-block-image size-large wp-lightbox-container\"><img loading=\"lazy\" decoding=\"async\" width=\"1024\" height=\"461\" data-wp-class--hide=\"state.isContentHidden\" data-wp-class--show=\"state.isContentVisible\" data-wp-init=\"callbacks.setButtonStyles\" data-wp-on--click=\"actions.showLightbox\" data-wp-on--load=\"callbacks.setButtonStyles\" data-wp-on-window--resize=\"callbacks.setButtonStyles\" data-id=\"131\" src=\"https:\/\/www.sbirkygroup.cz\/wp-content\/uploads\/2023\/09\/IMG_20230325_104050-1024x461.jpg\" alt=\"\" class=\"wp-image-131\" srcset=\"https:\/\/www.sbirkygroup.cz\/wp-content\/uploads\/2023\/09\/IMG_20230325_104050-1024x461.jpg 1024w, https:\/\/www.sbirkygroup.cz\/wp-content\/uploads\/2023\/09\/IMG_20230325_104050-300x135.jpg 300w, https:\/\/www.sbirkygroup.cz\/wp-content\/uploads\/2023\/09\/IMG_20230325_104050-768x346.jpg 768w, https:\/\/www.sbirkygroup.cz\/wp-content\/uploads\/2023\/09\/IMG_20230325_104050-1536x691.jpg 1536w, https:\/\/www.sbirkygroup.cz\/wp-content\/uploads\/2023\/09\/IMG_20230325_104050.jpg 1600w\" sizes=\"auto, (max-width: 1024px) 100vw, 1024px\" \/><button\n\t\t\tclass=\"lightbox-trigger\"\n\t\t\ttype=\"button\"\n\t\t\taria-haspopup=\"dialog\"\n\t\t\taria-label=\"Zv\u011bt\u0161it\"\n\t\t\tdata-wp-init=\"callbacks.initTriggerButton\"\n\t\t\tdata-wp-on--click=\"actions.showLightbox\"\n\t\t\tdata-wp-style--right=\"state.imageButtonRight\"\n\t\t\tdata-wp-style--top=\"state.imageButtonTop\"\n\t\t>\n\t\t\t<svg xmlns=\"http:\/\/www.w3.org\/2000\/svg\" width=\"12\" height=\"12\" fill=\"none\" viewBox=\"0 0 12 12\">\n\t\t\t\t<path fill=\"#fff\" d=\"M2 0a2 2 0 0 0-2 2v2h1.5V2a.5.5 0 0 1 .5-.5h2V0H2Zm2 10.5H2a.5.5 0 0 1-.5-.5V8H0v2a2 2 0 0 0 2 2h2v-1.5ZM8 12v-1.5h2a.5.5 0 0 0 .5-.5V8H12v2a2 2 0 0 1-2 2H8Zm2-12a2 2 0 0 1 2 2v2h-1.5V2a.5.5 0 0 0-.5-.5H8V0h2Z\" \/>\n\t\t\t<\/svg>\n\t\t<\/button><\/figure>\n<\/figure>\n<\/div>\n<\/div>\n<\/div>\n<\/div>\n\n\n\n<hr class=\"wp-block-separator has-alpha-channel-opacity\"\/>\n<div class=\"pvc_clear\"><\/div><p id=\"pvc_stats_76\" class=\"pvc_stats all  \" data-element-id=\"76\" style=\"\"><i class=\"pvc-stats-icon medium\" aria-hidden=\"true\"><svg aria-hidden=\"true\" focusable=\"false\" data-prefix=\"far\" data-icon=\"chart-bar\" role=\"img\" xmlns=\"http:\/\/www.w3.org\/2000\/svg\" viewBox=\"0 0 512 512\" class=\"svg-inline--fa fa-chart-bar fa-w-16 fa-2x\"><path fill=\"currentColor\" d=\"M396.8 352h22.4c6.4 0 12.8-6.4 12.8-12.8V108.8c0-6.4-6.4-12.8-12.8-12.8h-22.4c-6.4 0-12.8 6.4-12.8 12.8v230.4c0 6.4 6.4 12.8 12.8 12.8zm-192 0h22.4c6.4 0 12.8-6.4 12.8-12.8V140.8c0-6.4-6.4-12.8-12.8-12.8h-22.4c-6.4 0-12.8 6.4-12.8 12.8v198.4c0 6.4 6.4 12.8 12.8 12.8zm96 0h22.4c6.4 0 12.8-6.4 12.8-12.8V204.8c0-6.4-6.4-12.8-12.8-12.8h-22.4c-6.4 0-12.8 6.4-12.8 12.8v134.4c0 6.4 6.4 12.8 12.8 12.8zM496 400H48V80c0-8.84-7.16-16-16-16H16C7.16 64 0 71.16 0 80v336c0 17.67 14.33 32 32 32h464c8.84 0 16-7.16 16-16v-16c0-8.84-7.16-16-16-16zm-387.2-48h22.4c6.4 0 12.8-6.4 12.8-12.8v-70.4c0-6.4-6.4-12.8-12.8-12.8h-22.4c-6.4 0-12.8 6.4-12.8 12.8v70.4c0 6.4 6.4 12.8 12.8 12.8z\" class=\"\"><\/path><\/svg><\/i> <img loading=\"lazy\" decoding=\"async\" width=\"16\" height=\"16\" alt=\"Loading\" src=\"https:\/\/www.sbirkygroup.cz\/wp-content\/plugins\/page-views-count\/ajax-loader-2x.gif\" border=0 \/><\/p><div class=\"pvc_clear\"><\/div>","protected":false},"excerpt":{"rendered":"<p>Spolupracujeme a z\u00e1rove\u0148 za\u0161ti\u0165ujeme sp\u0159\u00e1telen\u00e9 weby, kter\u00e9 se v\u011bnuj\u00ed sb\u00edrk\u00e1m elektrospot\u0159ebi\u010d\u016f. Tyto weby jsou v \u010de\u0161tin\u011b, sloven\u0161tin\u011b a ma\u010far\u0161tin\u011b. M\u00e1me tedy mezin\u00e1rodn\u00ed p\u0159esah a r\u00e1di si V\u00e1s vezmeme pod k\u0159\u00eddla. \u010cesko Tematick\u00fd web v\u011bnovan\u00fd sb\u00edrce, kter\u00fd se soust\u0159ed\u00ed na vysava\u010de zna\u010dky ETA. www.etavysavace.cz info@etavysavace.cz Spolupracujeme a z\u00e1rove\u0148 zais\u0165ujeme spriatelen\u00e9 weby, ktor\u00e9 sa venuj\u00fa zbierkam elektrospotrebi\u010dov. [&hellip;]<\/p>\n<div class=\"pvc_clear\"><\/div>\n<p id=\"pvc_stats_76\" class=\"pvc_stats all  \" data-element-id=\"76\" style=\"\"><i class=\"pvc-stats-icon medium\" aria-hidden=\"true\"><svg aria-hidden=\"true\" focusable=\"false\" data-prefix=\"far\" data-icon=\"chart-bar\" role=\"img\" xmlns=\"http:\/\/www.w3.org\/2000\/svg\" viewBox=\"0 0 512 512\" class=\"svg-inline--fa fa-chart-bar fa-w-16 fa-2x\"><path fill=\"currentColor\" d=\"M396.8 352h22.4c6.4 0 12.8-6.4 12.8-12.8V108.8c0-6.4-6.4-12.8-12.8-12.8h-22.4c-6.4 0-12.8 6.4-12.8 12.8v230.4c0 6.4 6.4 12.8 12.8 12.8zm-192 0h22.4c6.4 0 12.8-6.4 12.8-12.8V140.8c0-6.4-6.4-12.8-12.8-12.8h-22.4c-6.4 0-12.8 6.4-12.8 12.8v198.4c0 6.4 6.4 12.8 12.8 12.8zm96 0h22.4c6.4 0 12.8-6.4 12.8-12.8V204.8c0-6.4-6.4-12.8-12.8-12.8h-22.4c-6.4 0-12.8 6.4-12.8 12.8v134.4c0 6.4 6.4 12.8 12.8 12.8zM496 400H48V80c0-8.84-7.16-16-16-16H16C7.16 64 0 71.16 0 80v336c0 17.67 14.33 32 32 32h464c8.84 0 16-7.16 16-16v-16c0-8.84-7.16-16-16-16zm-387.2-48h22.4c6.4 0 12.8-6.4 12.8-12.8v-70.4c0-6.4-6.4-12.8-12.8-12.8h-22.4c-6.4 0-12.8 6.4-12.8 12.8v70.4c0 6.4 6.4 12.8 12.8 12.8z\" class=\"\"><\/path><\/svg><\/i> <img loading=\"lazy\" decoding=\"async\" width=\"16\" height=\"16\" alt=\"Loading\" src=\"https:\/\/www.sbirkygroup.cz\/wp-content\/plugins\/page-views-count\/ajax-loader-2x.gif\" border=0 \/><\/p>\n<div class=\"pvc_clear\"><\/div>\n","protected":false},"author":1,"featured_media":0,"parent":0,"menu_order":3,"comment_status":"closed","ping_status":"closed","template":"","meta":{"footnotes":""},"class_list":["post-76","page","type-page","status-publish","hentry"],"a3_pvc":{"activated":true,"total_views":118,"today_views":0},"_links":{"self":[{"href":"https:\/\/www.sbirkygroup.cz\/index.php?rest_route=\/wp\/v2\/pages\/76","targetHints":{"allow":["GET"]}}],"collection":[{"href":"https:\/\/www.sbirkygroup.cz\/index.php?rest_route=\/wp\/v2\/pages"}],"about":[{"href":"https:\/\/www.sbirkygroup.cz\/index.php?rest_route=\/wp\/v2\/types\/page"}],"author":[{"embeddable":true,"href":"https:\/\/www.sbirkygroup.cz\/index.php?rest_route=\/wp\/v2\/users\/1"}],"replies":[{"embeddable":true,"href":"https:\/\/www.sbirkygroup.cz\/index.php?rest_route=%2Fwp%2Fv2%2Fcomments&post=76"}],"version-history":[{"count":6,"href":"https:\/\/www.sbirkygroup.cz\/index.php?rest_route=\/wp\/v2\/pages\/76\/revisions"}],"predecessor-version":[{"id":317,"href":"https:\/\/www.sbirkygroup.cz\/index.php?rest_route=\/wp\/v2\/pages\/76\/revisions\/317"}],"wp:attachment":[{"href":"https:\/\/www.sbirkygroup.cz\/index.php?rest_route=%2Fwp%2Fv2%2Fmedia&parent=76"}],"curies":[{"name":"wp","href":"https:\/\/api.w.org\/{rel}","templated":true}]}}